{"id":2,"date":"2024-12-13T13:35:49","date_gmt":"2024-12-13T13:35:49","guid":{"rendered":"https:\/\/bahcelievlerescortgoe.com\/?page_id=2"},"modified":"2025-11-30T13:45:19","modified_gmt":"2025-11-30T13:45:19","slug":"sample-page","status":"publish","type":"page","link":"https:\/\/bahcelievlerescortgoe.com\/","title":{"rendered":"Bah\u00e7elievler Escort Bayan"},"content":{"rendered":"\r\n<h2 class=\"p1\" style=\"text-align: center;\"><b>Bah\u00e7elievler Escort Bayan<\/b><\/h2>\r\n<p class=\"p1\" style=\"text-align: center;\">\u0130stanbul\u2019un canl\u0131 semtlerinden biri olan Bah\u00e7elievler, her ge\u00e7en g\u00fcn b\u00fcy\u00fcyen n\u00fcfusu ve sosyal ya\u015fam\u0131 ile dikkat \u00e7ekiyor. Bu dinamik yap\u0131n\u0131n bir par\u00e7as\u0131 olan <strong>Bah\u00e7elievler Escort\u00a0Bayan<\/strong> hizmetleri, bireylerin \u00f6zel ihtiya\u00e7lar\u0131na y\u00f6nelik kaliteli \u00e7\u00f6z\u00fcmler sunuyor. Profesyonel yakla\u015f\u0131m\u0131yla tan\u0131nan escort bayanlar, yaln\u0131zca g\u00f6r\u00fcn\u00fc\u015fleriyle de\u011fil, ayn\u0131 zamanda s\u0131cak kanl\u0131l\u0131klar\u0131 ve samimiyetleriyle de \u00f6n plana \u00e7\u0131k\u0131yor.<\/p>\r\n<p><img loading=\"lazy\" decoding=\"async\" class=\"size-full wp-image-11 aligncenter\" src=\"https:\/\/bahcelievlerescortgoe.com\/wp-content\/uploads\/2024\/12\/bahcelievler-escort.webp\" alt=\"bahcelievler-escort\" width=\"1024\" height=\"1792\" srcset=\"https:\/\/bahcelievlerescortgoe.com\/wp-content\/uploads\/2024\/12\/bahcelievler-escort.webp 1024w, https:\/\/bahcelievlerescortgoe.com\/wp-content\/uploads\/2024\/12\/bahcelievler-escort-171x300.webp 171w, https:\/\/bahcelievlerescortgoe.com\/wp-content\/uploads\/2024\/12\/bahcelievler-escort-585x1024.webp 585w, https:\/\/bahcelievlerescortgoe.com\/wp-content\/uploads\/2024\/12\/bahcelievler-escort-768x1344.webp 768w, https:\/\/bahcelievlerescortgoe.com\/wp-content\/uploads\/2024\/12\/bahcelievler-escort-878x1536.webp 878w\" sizes=\"auto, (max-width: 1024px) 100vw, 1024px\" \/><\/p>\r\n<p class=\"p1\" style=\"text-align: center;\">Bah\u00e7elievler, \u00f6zellikle sakin ve g\u00fcvenilir bir ortamda zaman ge\u00e7irmek isteyenler i\u00e7in ideal bir b\u00f6lge. Buradaki escort bayanlar, m\u00fc\u015fterilerinin beklentilerini anlamaya odaklanarak, her bulu\u015fmay\u0131 \u00f6zel ve anlaml\u0131 hale getiriyor.<\/p>\r\n<h2 class=\"p1\" style=\"text-align: center;\"><b>Escort Bah\u00e7elievler Farkl\u0131 Tercihlere Hitap Eden Hizmetler<\/b><\/h2>\r\n<p class=\"p1\" style=\"text-align: center;\">Bah\u00e7elievler\u2019deki escort hizmetleri, geni\u015f bir yelpazede sunulan se\u00e7eneklerle dikkat \u00e7ekiyor. \u0130ster arkada\u015f canl\u0131s\u0131 bir sohbet ister daha \u00f6zel bir deneyim aray\u0131n, <b>Escort Bah\u00e7elievler<\/b> hizmetleri, her zevke hitap ediyor.<\/p>\r\n<p class=\"p1\" style=\"text-align: center;\">Bah\u00e7elievler\u2019in merkezi konumu, bu hizmetlere eri\u015fimi kolayla\u015ft\u0131r\u0131rken, kullan\u0131c\u0131lar i\u00e7in g\u00fcvenilir bir ortam yarat\u0131yor. \u0130lgilendi\u011finiz bayanlar\u0131 g\u00fcvenilir platformlar \u00fczerinden se\u00e7ebilir ve size uygun bir bulu\u015fma organize edebilirsiniz. Gizlilik ve g\u00fcvenlik \u00f6ncelikli oldu\u011fu i\u00e7in kullan\u0131c\u0131lar\u0131n her ad\u0131m\u0131 sorunsuz bir \u015fekilde ilerler.<\/p>\r\n<h2 class=\"p1\" style=\"text-align: center;\"><b>Bah\u00e7elievler Elit Escort<\/b><\/h2>\r\n<p><img loading=\"lazy\" decoding=\"async\" class=\"size-full wp-image-12 aligncenter\" src=\"https:\/\/bahcelievlerescortgoe.com\/wp-content\/uploads\/2024\/12\/escort-bahcelievler.webp\" alt=\"escort-bahcelievler\" width=\"1024\" height=\"1792\" srcset=\"https:\/\/bahcelievlerescortgoe.com\/wp-content\/uploads\/2024\/12\/escort-bahcelievler.webp 1024w, https:\/\/bahcelievlerescortgoe.com\/wp-content\/uploads\/2024\/12\/escort-bahcelievler-171x300.webp 171w, https:\/\/bahcelievlerescortgoe.com\/wp-content\/uploads\/2024\/12\/escort-bahcelievler-585x1024.webp 585w, https:\/\/bahcelievlerescortgoe.com\/wp-content\/uploads\/2024\/12\/escort-bahcelievler-768x1344.webp 768w, https:\/\/bahcelievlerescortgoe.com\/wp-content\/uploads\/2024\/12\/escort-bahcelievler-878x1536.webp 878w\" sizes=\"auto, (max-width: 1024px) 100vw, 1024px\" \/><\/p>\r\n<p class=\"p1\" style=\"text-align: center;\">\u00d6zel bir deneyim arayanlar\u0131n tercihi <b>Bah\u00e7elievler Elit Escort<\/b> hizmetleri, profesyonel ve l\u00fcks bir deneyim sunuyor. Zarafet ve kaliteli hizmet anlay\u0131\u015f\u0131yla \u00f6ne \u00e7\u0131kan bu bayanlar, kendine g\u00fcvenen ve \u00f6zel bir an\u0131 payla\u015fmak isteyen bireyler i\u00e7in ideal bir se\u00e7enektir.<\/p>\r\n<p class=\"p1\" style=\"text-align: center;\">Elit escort bayanlar, yaln\u0131zca fiziksel \u00f6zellikleriyle de\u011fil, ayn\u0131 zamanda entelekt\u00fcel birikimleri ve samimi yakla\u015f\u0131mlar\u0131yla da fark yarat\u0131r. Her detay\u0131n titizlikle d\u00fc\u015f\u00fcn\u00fcld\u00fc\u011f\u00fc bu bulu\u015fmalar, hayat\u0131n\u0131za de\u011fer katacak \u00f6zel bir an\u0131 olarak kalacakt\u0131r.<\/p>\r\n<h2 class=\"p1\" style=\"text-align: center;\"><b>T\u00fcrbanl\u0131 Escort Bah\u00e7elievler<\/b><\/h2>\r\n<p class=\"p1\" style=\"text-align: center;\">Bah\u00e7elievler\u2019de <b>T\u00fcrbanl\u0131 Escort<\/b> hizmetleri, geleneksel de\u011ferlere sayg\u0131l\u0131 bir \u015fekilde sunulmaktad\u0131r. Bu kategori, farkl\u0131 beklentilere sahip bireylerin ihtiya\u00e7lar\u0131n\u0131 kar\u015f\u0131lamak i\u00e7in \u00f6zel olarak tasarlanm\u0131\u015ft\u0131r.<\/p>\r\n<p><img loading=\"lazy\" decoding=\"async\" class=\"size-full wp-image-13 aligncenter\" src=\"https:\/\/bahcelievlerescortgoe.com\/wp-content\/uploads\/2024\/12\/bahcelievler-escort-bayan.webp\" alt=\"bahcelievler-escort-bayan\" width=\"1024\" height=\"1792\" srcset=\"https:\/\/bahcelievlerescortgoe.com\/wp-content\/uploads\/2024\/12\/bahcelievler-escort-bayan.webp 1024w, https:\/\/bahcelievlerescortgoe.com\/wp-content\/uploads\/2024\/12\/bahcelievler-escort-bayan-171x300.webp 171w, https:\/\/bahcelievlerescortgoe.com\/wp-content\/uploads\/2024\/12\/bahcelievler-escort-bayan-585x1024.webp 585w, https:\/\/bahcelievlerescortgoe.com\/wp-content\/uploads\/2024\/12\/bahcelievler-escort-bayan-768x1344.webp 768w, https:\/\/bahcelievlerescortgoe.com\/wp-content\/uploads\/2024\/12\/bahcelievler-escort-bayan-878x1536.webp 878w\" sizes=\"auto, (max-width: 1024px) 100vw, 1024px\" \/><\/p>\r\n<p class=\"p1\" style=\"text-align: center;\">T\u00fcrbanl\u0131 <strong>istanbul escort<\/strong> bayanlar, zarafetleri ve profesyonellikleriyle bulu\u015fmalar\u0131 \u00f6zel k\u0131larken, gizlilik konusunda da hassas davran\u0131rlar. Geleneksel bir dokunu\u015f arayanlar i\u00e7in Bah\u00e7elievler, bu alanda kaliteli hizmetin merkezi haline gelmi\u015ftir.<\/p>\r\n<h2 class=\"p1\" style=\"text-align: center;\"><b>Bah\u00e7elievler \u00dcniversiteli Escort<\/b><\/h2>\r\n<p class=\"p1\" style=\"text-align: center;\">Gen\u00e7lik enerjisini hissederek keyifli zaman ge\u00e7irmek isteyenler i\u00e7in <b>Bah\u00e7elievler \u00dcniversiteli Escort<\/b> kategorisi m\u00fckemmel bir se\u00e7enektir. \u00dcniversite \u00f6\u011frencisi olan bu bayanlar, canl\u0131l\u0131klar\u0131 ve s\u0131cak tav\u0131rlar\u0131yla unutulmaz anlar ya\u015faman\u0131za yard\u0131mc\u0131 olur.<\/p>\r\n<p><img loading=\"lazy\" decoding=\"async\" class=\"size-full wp-image-14 aligncenter\" src=\"https:\/\/bahcelievlerescortgoe.com\/wp-content\/uploads\/2024\/12\/eskort.webp\" alt=\"eskort\" width=\"1024\" height=\"1792\" srcset=\"https:\/\/bahcelievlerescortgoe.com\/wp-content\/uploads\/2024\/12\/eskort.webp 1024w, https:\/\/bahcelievlerescortgoe.com\/wp-content\/uploads\/2024\/12\/eskort-171x300.webp 171w, https:\/\/bahcelievlerescortgoe.com\/wp-content\/uploads\/2024\/12\/eskort-585x1024.webp 585w, https:\/\/bahcelievlerescortgoe.com\/wp-content\/uploads\/2024\/12\/eskort-768x1344.webp 768w, https:\/\/bahcelievlerescortgoe.com\/wp-content\/uploads\/2024\/12\/eskort-878x1536.webp 878w\" sizes=\"auto, (max-width: 1024px) 100vw, 1024px\" \/><\/p>\r\n<p class=\"p1\" style=\"text-align: center;\">\u00dcniversiteli escort bayanlar, hem \u00f6\u011frenim hayatlar\u0131n\u0131 s\u00fcrd\u00fcr\u00fcrken hem de profesyonel hizmet anlay\u0131\u015flar\u0131n\u0131 geli\u015ftirmektedir. Samimi bir sohbet, e\u011flenceli bir ak\u015fam veya \u00f6zel bir bulu\u015fma ar\u0131yorsan\u0131z, bu kategori tam size g\u00f6re.<\/p>\r\n<p class=\"p1\" style=\"text-align: center;\"><a href=\"https:\/\/bahcelievlerescortgoe.com\/\"><b>Bah\u00e7elievler Escort Bayan<\/b><\/a> hizmetleri, kaliteli, g\u00fcvenilir ve farkl\u0131 tercihlere uygun se\u00e7enekler sunarak kullan\u0131c\u0131lar\u0131n beklentilerini kar\u015f\u0131lamay\u0131 ama\u00e7lamaktad\u0131r. \u0130ster elit bir deneyim ister t\u00fcrbanl\u0131 ya da gen\u00e7 \u00fcniversiteli bayanlarla keyifli bir zaman aray\u0131n, Bah\u00e7elievler bu konuda her ihtiyaca uygun \u00e7\u00f6z\u00fcmler sunar.<\/p>\r\n","protected":false},"excerpt":{"rendered":"<p>Bah\u00e7elievler Escort Bayan \u0130stanbul\u2019un canl\u0131 semtlerinden biri olan Bah\u00e7elievler, her ge\u00e7en g\u00fcn b\u00fcy\u00fcyen n\u00fcfusu ve sosyal ya\u015fam\u0131 ile dikkat \u00e7ekiyor. <span class=\"more-text\">&hellip;<\/span><\/p>\n","protected":false},"author":1,"featured_media":0,"parent":0,"menu_order":0,"comment_status":"closed","ping_status":"open","template":"","meta":{"footnotes":""},"class_list":["post-2","page","type-page","status-publish","hentry"],"aioseo_notices":[],"_links":{"self":[{"href":"https:\/\/bahcelievlerescortgoe.com\/index.php\/wp-json\/wp\/v2\/pages\/2","targetHints":{"allow":["GET"]}}],"collection":[{"href":"https:\/\/bahcelievlerescortgoe.com\/index.php\/wp-json\/wp\/v2\/pages"}],"about":[{"href":"https:\/\/bahcelievlerescortgoe.com\/index.php\/wp-json\/wp\/v2\/types\/page"}],"author":[{"embeddable":true,"href":"https:\/\/bahcelievlerescortgoe.com\/index.php\/wp-json\/wp\/v2\/users\/1"}],"replies":[{"embeddable":true,"href":"https:\/\/bahcelievlerescortgoe.com\/index.php\/wp-json\/wp\/v2\/comments?post=2"}],"version-history":[{"count":7,"href":"https:\/\/bahcelievlerescortgoe.com\/index.php\/wp-json\/wp\/v2\/pages\/2\/revisions"}],"predecessor-version":[{"id":24,"href":"https:\/\/bahcelievlerescortgoe.com\/index.php\/wp-json\/wp\/v2\/pages\/2\/revisions\/24"}],"wp:attachment":[{"href":"https:\/\/bahcelievlerescortgoe.com\/index.php\/wp-json\/wp\/v2\/media?parent=2"}],"curies":[{"name":"wp","href":"https:\/\/api.w.org\/{rel}","templated":true}]}}